{"id":95,"date":"2025-01-15T08:23:14","date_gmt":"2025-01-15T08:23:14","guid":{"rendered":"https:\/\/basvuru.bornova.bel.tr\/?page_id=95"},"modified":"2026-04-02T06:01:48","modified_gmt":"2026-04-02T06:01:48","slug":"95-2","status":"publish","type":"page","link":"https:\/\/basvuru.bornova.bel.tr\/","title":{"rendered":"Ana Sayfa"},"content":{"rendered":"\n<div class=\"wp-block-media-text is-stacked-on-mobile\" style=\"grid-template-columns:71% auto\"><figure class=\"wp-block-media-text__media\"><img loading=\"lazy\" decoding=\"async\" width=\"1024\" height=\"1024\" src=\"https:\/\/basvuru.bornova.bel.tr\/wp-content\/uploads\/2026\/01\/genclik-merkezi-led-ekran-1024x1024.jpg\" alt=\"\" class=\"wp-image-306 size-full\" srcset=\"https:\/\/basvuru.bornova.bel.tr\/wp-content\/uploads\/2026\/01\/genclik-merkezi-led-ekran-1024x1024.jpg 1024w, https:\/\/basvuru.bornova.bel.tr\/wp-content\/uploads\/2026\/01\/genclik-merkezi-led-ekran-300x300.jpg 300w, https:\/\/basvuru.bornova.bel.tr\/wp-content\/uploads\/2026\/01\/genclik-merkezi-led-ekran-150x150.jpg 150w, https:\/\/basvuru.bornova.bel.tr\/wp-content\/uploads\/2026\/01\/genclik-merkezi-led-ekran-768x768.jpg 768w, https:\/\/basvuru.bornova.bel.tr\/wp-content\/uploads\/2026\/01\/genclik-merkezi-led-ekran-400x400.jpg 400w, https:\/\/basvuru.bornova.bel.tr\/wp-content\/uploads\/2026\/01\/genclik-merkezi-led-ekran-600x600.jpg 600w, https:\/\/basvuru.bornova.bel.tr\/wp-content\/uploads\/2026\/01\/genclik-merkezi-led-ekran.jpg 1080w\" sizes=\"auto, (max-width: 1024px) 100vw, 1024px\" \/><\/figure><div class=\"wp-block-media-text__content\">\n<p class=\"is-style-default has-small-font-size\">-&gt; Bornova Belediyesi G\u00fcl\u015fah Durbay Gen\u00e7lik Merkezi <\/p>\n\n\n\n<p class=\"is-style-default\"><a href=\"https:\/\/basvuru.bornova.bel.tr\/?page_id=295\"><strong>Ba\u015fvuru Formu<\/strong><\/a><\/p>\n<\/div><\/div>\n\n\n\n<div class=\"wp-block-media-text is-stacked-on-mobile\" style=\"grid-template-columns:71% auto\"><figure class=\"wp-block-media-text__media\"><img loading=\"lazy\" decoding=\"async\" width=\"1024\" height=\"1024\" src=\"https:\/\/basvuru.bornova.bel.tr\/wp-content\/uploads\/2026\/03\/baharbilimkampi_2026_1-1024x1024.jpg\" alt=\"\" class=\"wp-image-344 size-full\" srcset=\"https:\/\/basvuru.bornova.bel.tr\/wp-content\/uploads\/2026\/03\/baharbilimkampi_2026_1-1024x1024.jpg 1024w, https:\/\/basvuru.bornova.bel.tr\/wp-content\/uploads\/2026\/03\/baharbilimkampi_2026_1-300x300.jpg 300w, https:\/\/basvuru.bornova.bel.tr\/wp-content\/uploads\/2026\/03\/baharbilimkampi_2026_1-150x150.jpg 150w, https:\/\/basvuru.bornova.bel.tr\/wp-content\/uploads\/2026\/03\/baharbilimkampi_2026_1-768x768.jpg 768w, https:\/\/basvuru.bornova.bel.tr\/wp-content\/uploads\/2026\/03\/baharbilimkampi_2026_1-400x400.jpg 400w, https:\/\/basvuru.bornova.bel.tr\/wp-content\/uploads\/2026\/03\/baharbilimkampi_2026_1-600x600.jpg 600w, https:\/\/basvuru.bornova.bel.tr\/wp-content\/uploads\/2026\/03\/baharbilimkampi_2026_1.jpg 1080w\" sizes=\"auto, (max-width: 1024px) 100vw, 1024px\" \/><\/figure><div class=\"wp-block-media-text__content\">\n<p><a href=\"https:\/\/basvuru.bornova.bel.tr\/?page_id=90\">Ba\u015fvuru Formu i\u00e7in t\u0131klay\u0131n\u0131z.<\/a><\/p>\n<\/div><\/div>\n\n\n\n<div class=\"wp-block-media-text is-stacked-on-mobile\" style=\"grid-template-columns:71% auto\"><figure class=\"wp-block-media-text__media\"><img loading=\"lazy\" decoding=\"async\" width=\"1024\" height=\"1024\" src=\"https:\/\/basvuru.bornova.bel.tr\/wp-content\/uploads\/2026\/03\/phtyonegitimi_2026_1-1024x1024.jpg\" alt=\"\" class=\"wp-image-386 size-full\" srcset=\"https:\/\/basvuru.bornova.bel.tr\/wp-content\/uploads\/2026\/03\/phtyonegitimi_2026_1-1024x1024.jpg 1024w, https:\/\/basvuru.bornova.bel.tr\/wp-content\/uploads\/2026\/03\/phtyonegitimi_2026_1-300x300.jpg 300w, https:\/\/basvuru.bornova.bel.tr\/wp-content\/uploads\/2026\/03\/phtyonegitimi_2026_1-150x150.jpg 150w, https:\/\/basvuru.bornova.bel.tr\/wp-content\/uploads\/2026\/03\/phtyonegitimi_2026_1-768x768.jpg 768w, https:\/\/basvuru.bornova.bel.tr\/wp-content\/uploads\/2026\/03\/phtyonegitimi_2026_1-400x400.jpg 400w, https:\/\/basvuru.bornova.bel.tr\/wp-content\/uploads\/2026\/03\/phtyonegitimi_2026_1-600x600.jpg 600w, https:\/\/basvuru.bornova.bel.tr\/wp-content\/uploads\/2026\/03\/phtyonegitimi_2026_1.jpg 1080w\" sizes=\"auto, (max-width: 1024px) 100vw, 1024px\" \/><\/figure><div class=\"wp-block-media-text__content\">\n<p><a href=\"https:\/\/basvuru.bornova.bel.tr\/?page_id=351\" data-type=\"link\" data-id=\"https:\/\/basvuru.bornova.bel.tr\/?page_id=351\">Ba\u015fvuru Formu i\u00e7in t\u0131klay\u0131n\u0131z.<\/a><\/p>\n<\/div><\/div>\n\n\n\n<div class=\"wp-block-media-text is-stacked-on-mobile\" style=\"grid-template-columns:71% auto\"><figure class=\"wp-block-media-text__media\"><img loading=\"lazy\" decoding=\"async\" width=\"1024\" height=\"1024\" src=\"https:\/\/basvuru.bornova.bel.tr\/wp-content\/uploads\/2026\/03\/yapay-zeka-egitimi-uni_3-1024x1024.jpg\" alt=\"\" class=\"wp-image-387 size-full\" srcset=\"https:\/\/basvuru.bornova.bel.tr\/wp-content\/uploads\/2026\/03\/yapay-zeka-egitimi-uni_3-1024x1024.jpg 1024w, https:\/\/basvuru.bornova.bel.tr\/wp-content\/uploads\/2026\/03\/yapay-zeka-egitimi-uni_3-300x300.jpg 300w, https:\/\/basvuru.bornova.bel.tr\/wp-content\/uploads\/2026\/03\/yapay-zeka-egitimi-uni_3-150x150.jpg 150w, https:\/\/basvuru.bornova.bel.tr\/wp-content\/uploads\/2026\/03\/yapay-zeka-egitimi-uni_3-768x768.jpg 768w, https:\/\/basvuru.bornova.bel.tr\/wp-content\/uploads\/2026\/03\/yapay-zeka-egitimi-uni_3-400x400.jpg 400w, https:\/\/basvuru.bornova.bel.tr\/wp-content\/uploads\/2026\/03\/yapay-zeka-egitimi-uni_3-600x600.jpg 600w, https:\/\/basvuru.bornova.bel.tr\/wp-content\/uploads\/2026\/03\/yapay-zeka-egitimi-uni_3.jpg 1080w\" sizes=\"auto, (max-width: 1024px) 100vw, 1024px\" \/><\/figure><div class=\"wp-block-media-text__content\">\n<p><a href=\"https:\/\/basvuru.bornova.bel.tr\/?page_id=360\" data-type=\"link\" data-id=\"https:\/\/basvuru.bornova.bel.tr\/?page_id=360\">Ba\u015fvuru Formu i\u00e7in t\u0131klay\u0131n\u0131z.<\/a><\/p>\n<\/div><\/div>\n\n\n\n<div class=\"wp-block-media-text is-stacked-on-mobile\" style=\"grid-template-columns:71% auto\"><figure class=\"wp-block-media-text__media\"><img loading=\"lazy\" decoding=\"async\" width=\"1024\" height=\"1024\" src=\"https:\/\/basvuru.bornova.bel.tr\/wp-content\/uploads\/2026\/02\/6.-Kisa-Film-Gu\u0308nleri-Bas\u0327vuru-01-1024x1024.jpg\" alt=\"\" class=\"wp-image-316 size-full\" srcset=\"https:\/\/basvuru.bornova.bel.tr\/wp-content\/uploads\/2026\/02\/6.-Kisa-Film-Gu\u0308nleri-Bas\u0327vuru-01-1024x1024.jpg 1024w, https:\/\/basvuru.bornova.bel.tr\/wp-content\/uploads\/2026\/02\/6.-Kisa-Film-Gu\u0308nleri-Bas\u0327vuru-01-300x300.jpg 300w, https:\/\/basvuru.bornova.bel.tr\/wp-content\/uploads\/2026\/02\/6.-Kisa-Film-Gu\u0308nleri-Bas\u0327vuru-01-150x150.jpg 150w, https:\/\/basvuru.bornova.bel.tr\/wp-content\/uploads\/2026\/02\/6.-Kisa-Film-Gu\u0308nleri-Bas\u0327vuru-01-768x768.jpg 768w, https:\/\/basvuru.bornova.bel.tr\/wp-content\/uploads\/2026\/02\/6.-Kisa-Film-Gu\u0308nleri-Bas\u0327vuru-01-400x400.jpg 400w, https:\/\/basvuru.bornova.bel.tr\/wp-content\/uploads\/2026\/02\/6.-Kisa-Film-Gu\u0308nleri-Bas\u0327vuru-01-600x600.jpg 600w, https:\/\/basvuru.bornova.bel.tr\/wp-content\/uploads\/2026\/02\/6.-Kisa-Film-Gu\u0308nleri-Bas\u0327vuru-01.jpg 1080w\" sizes=\"auto, (max-width: 1024px) 100vw, 1024px\" \/><\/figure><div class=\"wp-block-media-text__content\">\n<p class=\"is-style-default has-small-font-size\">Uluslararas\u0131 Bornova 6. K\u0131sa Film G\u00fcnleri<\/p>\n\n\n\n<p class=\"is-style-default\"><a href=\"https:\/\/filmfreeway.com\/bkfg\"><strong>Ba\u015fvuru Formu<\/strong><\/a><\/p>\n<\/div><\/div>\n\n\n\n<div class=\"wp-block-media-text is-stacked-on-mobile\" style=\"grid-template-columns:71% auto\"><figure class=\"wp-block-media-text__media\"><img loading=\"lazy\" decoding=\"async\" width=\"1024\" height=\"481\" src=\"https:\/\/basvuru.bornova.bel.tr\/wp-content\/uploads\/2024\/12\/stk_basvuru-1024x481.png\" alt=\"\" class=\"wp-image-27 size-full\" srcset=\"https:\/\/basvuru.bornova.bel.tr\/wp-content\/uploads\/2024\/12\/stk_basvuru-1024x481.png 1024w, https:\/\/basvuru.bornova.bel.tr\/wp-content\/uploads\/2024\/12\/stk_basvuru-300x141.png 300w, https:\/\/basvuru.bornova.bel.tr\/wp-content\/uploads\/2024\/12\/stk_basvuru-768x361.png 768w, https:\/\/basvuru.bornova.bel.tr\/wp-content\/uploads\/2024\/12\/stk_basvuru.png 1200w\" sizes=\"auto, (max-width: 1024px) 100vw, 1024px\" \/><\/figure><div class=\"wp-block-media-text__content\">\n<p class=\"is-style-default has-small-font-size\">Stk Ba\u015fvuru Formu i\u00e7in&nbsp;<a href=\"https:\/\/basvuru.bornova.bel.tr\/?page_id=112\" target=\"_blank\" rel=\"noreferrer noopener\"><strong>t\u0131klay\u0131n\u0131z<\/strong><\/a><\/p>\n<\/div><\/div>\n\n\n\n<div class=\"wp-block-media-text is-stacked-on-mobile\" style=\"grid-template-columns:71% auto\"><figure class=\"wp-block-media-text__media\"><img loading=\"lazy\" decoding=\"async\" width=\"1024\" height=\"595\" src=\"https:\/\/basvuru.bornova.bel.tr\/wp-content\/uploads\/2025\/02\/askida_yemek_web-1024x595.png\" alt=\"\" class=\"wp-image-132 size-full\" srcset=\"https:\/\/basvuru.bornova.bel.tr\/wp-content\/uploads\/2025\/02\/askida_yemek_web-1024x595.png 1024w, https:\/\/basvuru.bornova.bel.tr\/wp-content\/uploads\/2025\/02\/askida_yemek_web-300x174.png 300w, https:\/\/basvuru.bornova.bel.tr\/wp-content\/uploads\/2025\/02\/askida_yemek_web-768x446.png 768w, https:\/\/basvuru.bornova.bel.tr\/wp-content\/uploads\/2025\/02\/askida_yemek_web-1536x892.png 1536w, https:\/\/basvuru.bornova.bel.tr\/wp-content\/uploads\/2025\/02\/askida_yemek_web-2048x1190.png 2048w\" sizes=\"auto, (max-width: 1024px) 100vw, 1024px\" \/><\/figure><div class=\"wp-block-media-text__content\">\n<p class=\"is-style-default has-small-font-size\">BA\u011eI\u015e YAPMAK i\u00e7in&nbsp;<a href=\"https:\/\/basvuru.bornova.bel.tr\/?page_id=136\" target=\"_blank\" rel=\"noreferrer noopener\"><strong>t\u0131klay\u0131n\u0131z<\/strong><\/a><\/p>\n<\/div><\/div>\n\n\n\n<div class=\"wp-block-media-text is-stacked-on-mobile\" style=\"grid-template-columns:71% auto\"><figure class=\"wp-block-media-text__media\"><img loading=\"lazy\" decoding=\"async\" width=\"1024\" height=\"1024\" src=\"https:\/\/basvuru.bornova.bel.tr\/wp-content\/uploads\/2025\/04\/kadin-aile-anket_2-1024x1024.jpg\" alt=\"\" class=\"wp-image-166 size-full\" srcset=\"https:\/\/basvuru.bornova.bel.tr\/wp-content\/uploads\/2025\/04\/kadin-aile-anket_2-1024x1024.jpg 1024w, https:\/\/basvuru.bornova.bel.tr\/wp-content\/uploads\/2025\/04\/kadin-aile-anket_2-300x300.jpg 300w, https:\/\/basvuru.bornova.bel.tr\/wp-content\/uploads\/2025\/04\/kadin-aile-anket_2-150x150.jpg 150w, https:\/\/basvuru.bornova.bel.tr\/wp-content\/uploads\/2025\/04\/kadin-aile-anket_2-768x768.jpg 768w, https:\/\/basvuru.bornova.bel.tr\/wp-content\/uploads\/2025\/04\/kadin-aile-anket_2-1536x1536.jpg 1536w, https:\/\/basvuru.bornova.bel.tr\/wp-content\/uploads\/2025\/04\/kadin-aile-anket_2-2048x2048.jpg 2048w, https:\/\/basvuru.bornova.bel.tr\/wp-content\/uploads\/2025\/04\/kadin-aile-anket_2-400x400.jpg 400w, https:\/\/basvuru.bornova.bel.tr\/wp-content\/uploads\/2025\/04\/kadin-aile-anket_2-600x600.jpg 600w\" sizes=\"auto, (max-width: 1024px) 100vw, 1024px\" \/><\/figure><div class=\"wp-block-media-text__content\">\n<p class=\"is-style-default has-small-font-size\">Ankete ula\u015fmak i\u00e7in&nbsp;<a href=\"https:\/\/basvuru.bornova.bel.tr\/?page_id=154\" target=\"_blank\" rel=\"noreferrer noopener\"><strong>t\u0131klay\u0131n\u0131z<\/strong><\/a><\/p>\n<\/div><\/div>\n","protected":false},"excerpt":{"rendered":"<p>-&gt; Bornova Belediyesi G\u00fcl\u015fah Durbay Gen\u00e7lik Merkezi Ba\u015fvuru Formu Ba\u015fvuru Formu i\u00e7in t\u0131klay\u0131n\u0131z. Ba\u015fvuru Formu i\u00e7in t\u0131klay\u0131n\u0131z. Ba\u015fvuru Formu i\u00e7in t\u0131klay\u0131n\u0131z. Uluslararas\u0131 Bornova 6. K\u0131sa Film G\u00fcnleri Ba\u015fvuru Formu Stk Ba\u015fvuru Formu i\u00e7in&nbsp;t\u0131klay\u0131n\u0131z BA\u011eI\u015e YAPMAK i\u00e7in&nbsp;t\u0131klay\u0131n\u0131z Ankete ula\u015fmak i\u00e7in&nbsp;t\u0131klay\u0131n\u0131z<\/p>\n","protected":false},"author":3,"featured_media":0,"parent":0,"menu_order":0,"comment_status":"closed","ping_status":"closed","template":"","meta":{"footnotes":""},"class_list":["post-95","page","type-page","status-publish","hentry"],"_links":{"self":[{"href":"https:\/\/basvuru.bornova.bel.tr\/index.php?rest_route=\/wp\/v2\/pages\/95","targetHints":{"allow":["GET"]}}],"collection":[{"href":"https:\/\/basvuru.bornova.bel.tr\/index.php?rest_route=\/wp\/v2\/pages"}],"about":[{"href":"https:\/\/basvuru.bornova.bel.tr\/index.php?rest_route=\/wp\/v2\/types\/page"}],"author":[{"embeddable":true,"href":"https:\/\/basvuru.bornova.bel.tr\/index.php?rest_route=\/wp\/v2\/users\/3"}],"replies":[{"embeddable":true,"href":"https:\/\/basvuru.bornova.bel.tr\/index.php?rest_route=%2Fwp%2Fv2%2Fcomments&post=95"}],"version-history":[{"count":45,"href":"https:\/\/basvuru.bornova.bel.tr\/index.php?rest_route=\/wp\/v2\/pages\/95\/revisions"}],"predecessor-version":[{"id":402,"href":"https:\/\/basvuru.bornova.bel.tr\/index.php?rest_route=\/wp\/v2\/pages\/95\/revisions\/402"}],"wp:attachment":[{"href":"https:\/\/basvuru.bornova.bel.tr\/index.php?rest_route=%2Fwp%2Fv2%2Fmedia&parent=95"}],"curies":[{"name":"wp","href":"https:\/\/api.w.org\/{rel}","templated":true}]}}