{"id":90,"date":"2025-01-15T07:27:04","date_gmt":"2025-01-15T07:27:04","guid":{"rendered":"https:\/\/basvuru.bornova.bel.tr\/?page_id=90"},"modified":"2026-03-28T06:21:22","modified_gmt":"2026-03-28T06:21:22","slug":"kis-bilim-kampi-basvuru-formu-2025","status":"publish","type":"page","link":"https:\/\/basvuru.bornova.bel.tr\/?page_id=90","title":{"rendered":"Bahar Bilim Kul\u00fcpleri Ba\u015fvurular\u0131 Sona Ermi\u015ftir."},"content":{"rendered":"","protected":false},"excerpt":{"rendered":"","protected":false},"author":3,"featured_media":0,"parent":0,"menu_order":0,"comment_status":"closed","ping_status":"closed","template":"","meta":{"footnotes":""},"class_list":["post-90","page","type-page","status-publish","hentry"],"_links":{"self":[{"href":"https:\/\/basvuru.bornova.bel.tr\/index.php?rest_route=\/wp\/v2\/pages\/90","targetHints":{"allow":["GET"]}}],"collection":[{"href":"https:\/\/basvuru.bornova.bel.tr\/index.php?rest_route=\/wp\/v2\/pages"}],"about":[{"href":"https:\/\/basvuru.bornova.bel.tr\/index.php?rest_route=\/wp\/v2\/types\/page"}],"author":[{"embeddable":true,"href":"https:\/\/basvuru.bornova.bel.tr\/index.php?rest_route=\/wp\/v2\/users\/3"}],"replies":[{"embeddable":true,"href":"https:\/\/basvuru.bornova.bel.tr\/index.php?rest_route=%2Fwp%2Fv2%2Fcomments&post=90"}],"version-history":[{"count":5,"href":"https:\/\/basvuru.bornova.bel.tr\/index.php?rest_route=\/wp\/v2\/pages\/90\/revisions"}],"predecessor-version":[{"id":396,"href":"https:\/\/basvuru.bornova.bel.tr\/index.php?rest_route=\/wp\/v2\/pages\/90\/revisions\/396"}],"wp:attachment":[{"href":"https:\/\/basvuru.bornova.bel.tr\/index.php?rest_route=%2Fwp%2Fv2%2Fmedia&parent=90"}],"curies":[{"name":"wp","href":"https:\/\/api.w.org\/{rel}","templated":true}]}}