{"id":360,"date":"2026-03-07T07:03:09","date_gmt":"2026-03-07T07:03:09","guid":{"rendered":"https:\/\/basvuru.bornova.bel.tr\/?page_id=360"},"modified":"2026-03-28T06:21:49","modified_gmt":"2026-03-28T06:21:49","slug":"yapay-zeka-atolyesi-bahar-basvuru-formu-2026","status":"publish","type":"page","link":"https:\/\/basvuru.bornova.bel.tr\/?page_id=360","title":{"rendered":"YAPAY ZEKA AT\u00d6LYES\u0130 BA\u015eVURULARI SONA ERM\u0130\u015eT\u0130R."},"content":{"rendered":"","protected":false},"excerpt":{"rendered":"","protected":false},"author":3,"featured_media":0,"parent":0,"menu_order":0,"comment_status":"closed","ping_status":"closed","template":"","meta":{"footnotes":""},"class_list":["post-360","page","type-page","status-publish","hentry"],"_links":{"self":[{"href":"https:\/\/basvuru.bornova.bel.tr\/index.php?rest_route=\/wp\/v2\/pages\/360","targetHints":{"allow":["GET"]}}],"collection":[{"href":"https:\/\/basvuru.bornova.bel.tr\/index.php?rest_route=\/wp\/v2\/pages"}],"about":[{"href":"https:\/\/basvuru.bornova.bel.tr\/index.php?rest_route=\/wp\/v2\/types\/page"}],"author":[{"embeddable":true,"href":"https:\/\/basvuru.bornova.bel.tr\/index.php?rest_route=\/wp\/v2\/users\/3"}],"replies":[{"embeddable":true,"href":"https:\/\/basvuru.bornova.bel.tr\/index.php?rest_route=%2Fwp%2Fv2%2Fcomments&post=360"}],"version-history":[{"count":7,"href":"https:\/\/basvuru.bornova.bel.tr\/index.php?rest_route=\/wp\/v2\/pages\/360\/revisions"}],"predecessor-version":[{"id":397,"href":"https:\/\/basvuru.bornova.bel.tr\/index.php?rest_route=\/wp\/v2\/pages\/360\/revisions\/397"}],"wp:attachment":[{"href":"https:\/\/basvuru.bornova.bel.tr\/index.php?rest_route=%2Fwp%2Fv2%2Fmedia&parent=360"}],"curies":[{"name":"wp","href":"https:\/\/api.w.org\/{rel}","templated":true}]}}