{"id":351,"date":"2026-03-07T06:52:00","date_gmt":"2026-03-07T06:52:00","guid":{"rendered":"https:\/\/basvuru.bornova.bel.tr\/?page_id=351"},"modified":"2026-03-28T06:20:47","modified_gmt":"2026-03-28T06:20:47","slug":"python-ile-programlama-atolyesi-basvuru-dormu-2026","status":"publish","type":"page","link":"https:\/\/basvuru.bornova.bel.tr\/?page_id=351","title":{"rendered":"PYTHON \u0130LE PROGRAMLAMA AT\u00d6LYES\u0130 BA\u015eVURULARI SONA ERM\u0130\u015eT\u0130R."},"content":{"rendered":"","protected":false},"excerpt":{"rendered":"","protected":false},"author":3,"featured_media":0,"parent":0,"menu_order":0,"comment_status":"closed","ping_status":"closed","template":"","meta":{"footnotes":""},"class_list":["post-351","page","type-page","status-publish","hentry"],"_links":{"self":[{"href":"https:\/\/basvuru.bornova.bel.tr\/index.php?rest_route=\/wp\/v2\/pages\/351","targetHints":{"allow":["GET"]}}],"collection":[{"href":"https:\/\/basvuru.bornova.bel.tr\/index.php?rest_route=\/wp\/v2\/pages"}],"about":[{"href":"https:\/\/basvuru.bornova.bel.tr\/index.php?rest_route=\/wp\/v2\/types\/page"}],"author":[{"embeddable":true,"href":"https:\/\/basvuru.bornova.bel.tr\/index.php?rest_route=\/wp\/v2\/users\/3"}],"replies":[{"embeddable":true,"href":"https:\/\/basvuru.bornova.bel.tr\/index.php?rest_route=%2Fwp%2Fv2%2Fcomments&post=351"}],"version-history":[{"count":8,"href":"https:\/\/basvuru.bornova.bel.tr\/index.php?rest_route=\/wp\/v2\/pages\/351\/revisions"}],"predecessor-version":[{"id":395,"href":"https:\/\/basvuru.bornova.bel.tr\/index.php?rest_route=\/wp\/v2\/pages\/351\/revisions\/395"}],"wp:attachment":[{"href":"https:\/\/basvuru.bornova.bel.tr\/index.php?rest_route=%2Fwp%2Fv2%2Fmedia&parent=351"}],"curies":[{"name":"wp","href":"https:\/\/api.w.org\/{rel}","templated":true}]}}