{"id":229,"date":"2025-09-26T14:03:11","date_gmt":"2025-09-26T14:03:11","guid":{"rendered":"https:\/\/basvuru.bornova.bel.tr\/?page_id=229"},"modified":"2025-09-26T14:03:11","modified_gmt":"2025-09-26T14:03:11","slug":"bbfo-film-kulubu-basvuru-formu","status":"publish","type":"page","link":"https:\/\/basvuru.bornova.bel.tr\/?page_id=229","title":{"rendered":"BBFO Film Kul\u00fcb\u00fc Ba\u015fvuru Formu"},"content":{"rendered":"","protected":false},"excerpt":{"rendered":"","protected":false},"author":2,"featured_media":0,"parent":0,"menu_order":0,"comment_status":"closed","ping_status":"closed","template":"","meta":{"footnotes":""},"class_list":["post-229","page","type-page","status-publish","hentry"],"_links":{"self":[{"href":"https:\/\/basvuru.bornova.bel.tr\/index.php?rest_route=\/wp\/v2\/pages\/229","targetHints":{"allow":["GET"]}}],"collection":[{"href":"https:\/\/basvuru.bornova.bel.tr\/index.php?rest_route=\/wp\/v2\/pages"}],"about":[{"href":"https:\/\/basvuru.bornova.bel.tr\/index.php?rest_route=\/wp\/v2\/types\/page"}],"author":[{"embeddable":true,"href":"https:\/\/basvuru.bornova.bel.tr\/index.php?rest_route=\/wp\/v2\/users\/2"}],"replies":[{"embeddable":true,"href":"https:\/\/basvuru.bornova.bel.tr\/index.php?rest_route=%2Fwp%2Fv2%2Fcomments&post=229"}],"version-history":[{"count":1,"href":"https:\/\/basvuru.bornova.bel.tr\/index.php?rest_route=\/wp\/v2\/pages\/229\/revisions"}],"predecessor-version":[{"id":230,"href":"https:\/\/basvuru.bornova.bel.tr\/index.php?rest_route=\/wp\/v2\/pages\/229\/revisions\/230"}],"wp:attachment":[{"href":"https:\/\/basvuru.bornova.bel.tr\/index.php?rest_route=%2Fwp%2Fv2%2Fmedia&parent=229"}],"curies":[{"name":"wp","href":"https:\/\/api.w.org\/{rel}","templated":true}]}}