{"id":184,"date":"2025-07-18T11:46:33","date_gmt":"2025-07-18T11:46:33","guid":{"rendered":"https:\/\/basvuru.bornova.bel.tr\/?page_id=184"},"modified":"2025-07-18T11:46:33","modified_gmt":"2025-07-18T11:46:33","slug":"cocuklarin-film-kulubu-basvuru-formu12-13-14-yas","status":"publish","type":"page","link":"https:\/\/basvuru.bornova.bel.tr\/?page_id=184","title":{"rendered":"\u00c7OCUKLARIN F\u0130LM KUL\u00dcB\u00dc BA\u015eVURU FORMU(12-13-14 Ya\u015f)"},"content":{"rendered":"","protected":false},"excerpt":{"rendered":"","protected":false},"author":2,"featured_media":0,"parent":0,"menu_order":0,"comment_status":"closed","ping_status":"closed","template":"","meta":{"footnotes":""},"class_list":["post-184","page","type-page","status-publish","hentry"],"_links":{"self":[{"href":"https:\/\/basvuru.bornova.bel.tr\/index.php?rest_route=\/wp\/v2\/pages\/184","targetHints":{"allow":["GET"]}}],"collection":[{"href":"https:\/\/basvuru.bornova.bel.tr\/index.php?rest_route=\/wp\/v2\/pages"}],"about":[{"href":"https:\/\/basvuru.bornova.bel.tr\/index.php?rest_route=\/wp\/v2\/types\/page"}],"author":[{"embeddable":true,"href":"https:\/\/basvuru.bornova.bel.tr\/index.php?rest_route=\/wp\/v2\/users\/2"}],"replies":[{"embeddable":true,"href":"https:\/\/basvuru.bornova.bel.tr\/index.php?rest_route=%2Fwp%2Fv2%2Fcomments&post=184"}],"version-history":[{"count":2,"href":"https:\/\/basvuru.bornova.bel.tr\/index.php?rest_route=\/wp\/v2\/pages\/184\/revisions"}],"predecessor-version":[{"id":220,"href":"https:\/\/basvuru.bornova.bel.tr\/index.php?rest_route=\/wp\/v2\/pages\/184\/revisions\/220"}],"wp:attachment":[{"href":"https:\/\/basvuru.bornova.bel.tr\/index.php?rest_route=%2Fwp%2Fv2%2Fmedia&parent=184"}],"curies":[{"name":"wp","href":"https:\/\/api.w.org\/{rel}","templated":true}]}}